{"id":1179,"date":"2011-06-17T21:57:49","date_gmt":"2011-06-17T19:57:49","guid":{"rendered":"http:\/\/www.shoji-fusuma.de\/cms\/?page_id=1179"},"modified":"2014-05-22T20:11:55","modified_gmt":"2014-05-22T18:11:55","slug":"derzeit-setzen-wir-auf-die-produktion-in-japan-denn-die-preise-fur-die-herstellung-haben-sich-zwischenzeitlich-angeglichen-und-die-qualitat-der-turen-ist-im-land-der-erfinder-selbstverstandlich-unsc","status":"publish","type":"page","link":"https:\/\/www.shoji-fusuma.de\/cms\/derzeit-setzen-wir-auf-die-produktion-in-japan-denn-die-preise-fur-die-herstellung-haben-sich-zwischenzeitlich-angeglichen-und-die-qualitat-der-turen-ist-im-land-der-erfinder-selbstverstandlich-unsc\/","title":{"rendered":"Qualit&auml;t"},"content":{"rendered":"<p>Japanisches Design in europ\u00e4ischen R\u00e4umen<\/p>\n<p>Als Sh\u014dji bezeichnet man im allgemeinen japanische T\u00fcren und Fenster. Diese k\u00f6nnen geschoben werden oder aber auch feststehend oder auf unterschiedliche Art und Weise verbaut sein. Das Wort Sh\u014dji wird allerdings auch in anderen Zusammenh\u00e4ngen verwendet, was hier aber nicht relevant ist.<\/p>\n<p>Kurzgeschichte von Sh\u014dji Fusuma aus Berlin.<\/p>\n<p>Die Entwicklung der Sh\u014dji und Fusuma Elemente, die 80er und der Japan Trend.<\/p>\n<p>In den vergangenen Jahren nahm der Asien-, besonders der Japan-Trend stark zu, was zu einem neuen Interessentenkreis f\u00fchrte. So entstanden in Berlin und einigen anderen europ\u00e4ischen St\u00e4dten zunehmend kleine Asien- und Japan-Joint Ventures auf Basis der jeweiligen Nachfrage. Da sich der Direktimport als schwierig erwies, insbesondere wegen der Nachbesserungen, haben einige Tischlereien\/Handwerker sich auf den Sh\u014dji-Bau ganz oder teilweise spezialisiert.<\/p>\n<p>Jetziger Stand<\/p>\n<p>Das Internet bietet Interessenten die M\u00f6glichkeit sich umfangreich zu diesem Thema kosteng\u00fcnstig zu informieren. Sh\u014dji Fusuma geh\u00f6rte zu den ersten in Europa, die eine Website \u00fcber Sh\u014dji- und Fusuma-T\u00fcren im Internet pr\u00e4sentiert haben.<\/p>\n<p>Berlin als Sushi und Sh\u014dji Hochburg<\/p>\n<p>Berlin geh\u00f6rt mit \u00fcber 250 japanorientierten Sushi &amp; Asien Locations zu der am st\u00e4rksten entwickelten Japan Fan-Gemeinde \u2013 und das obwohl hier weniger Japaner leben als beispielsweise in D\u00fcsseldorf.<\/p>\n<p>Berliner Wohnungen.<\/p>\n<p>Sh\u014dji Fusuma hilft bei der Planung, den Einbau \u00fcbernehmen Fachfirmen. Einige wenige Sh\u014dji-Hersteller setzten auf europ\u00e4isierte Bauteile, die nur grob dem japanischen Vorbild \u00e4hneln, andere bauen mehr originalgetreu. So ist der Asien-Raum Interessent am Ende der Recherche etwas bis sehr verwirrt, meist fehlt der Erfahrungswert. Hier k\u00f6nnen wir durch unsere praktische Erfahrung, ohne verwirrende Fremdw\u00f6rter helfen.<\/p>\n<p>Qualit\u00e4t<\/p>\n<p>Die Planung, Langlebigkeit und das Material der europ\u00e4ischen Sh\u014dji- und Fusuma-T\u00fcren ist an hiesige Verh\u00e4ltnisse angepasst. Dies ist ausnahmsweise ein Vorteil gegen\u00fcber der vielseitigen asiatischen Sh\u014dji &amp; Fusuma Welt. Denn beispielsweise das Naturprodukt Holz arbeitet auch nach dem Einbau weiter &#8211; und Erfahrungswerte haben gezeigt, dass trotz hochwertiger Verarbeitung das asiatische Holz einmal dem europ\u00e4ischen Klima ausgesetzt sich verformen kann. Dahin gehende Garantieanspr\u00fcche sind grunds\u00e4tzlich ausgeklammert. Die Holzt\u00fcren wirken bei uns etwas weniger japanisch, weil unsere R\u00e4ume meist h\u00f6her sind. In Japan werden im traditionellen Bau schon die Hausholzger\u00fcste an regional abh\u00e4ngige Norm-Ma\u00dfe der T\u00fcren geplant und gebaut.<\/p>\n<p>Traditionelle Bespiele k\u00f6nnen Sie in ganz Deutschland finden, zunehmend gibt es immer mehr Locations mit Beispiel-Bauten. Gute Bespiele sind der Hamburger Tempel, Berlins Internationale G\u00e4rten in Marzahn sowie in D\u00fcsseldorf die Japanische Botschaft, ehemals das Sitz der Deutsch-japanischen Gesellschaft. Recherchieren Sie im Internet: es gibt immer wieder neues in dieser Richtung. Lassen Sie sich inspirieren. <a href=\"http:\/\/www.pinterest.com\/schokolion\/shoji-fusuma\/\" target=\"_blank\">Hier <\/a>ein paar Beispiele:<\/p>\n<p>Ihr Sh\u014dji Fusuma Team!<\/p>\n<p>&nbsp;<\/p>\n<p style=\"text-align: right;\"><span style=\"color: #6c416c;\">\u00a9 photo by TetsuOzawa<\/span><\/p>\n","protected":false},"excerpt":{"rendered":"<p>Japanisches Design in europ\u00e4ischen R\u00e4umen Als Sh\u014dji bezeichnet man im allgemeinen japanische T\u00fcren und Fenster. Diese k\u00f6nnen geschoben werden oder aber auch feststehend oder auf unterschiedliche Art und Weise verbaut sein. Das Wort Sh\u014dji wird allerdings auch in anderen Zusammenh\u00e4ngen verwendet, was hier aber nicht relevant ist. Kurzgeschichte von Sh\u014dji Fusuma aus Berlin. Die Entwicklung [&hellip;]<\/p>\n","protected":false},"author":2,"featured_media":1344,"parent":0,"menu_order":0,"comment_status":"open","ping_status":"closed","template":"","meta":{"_genesis_hide_title":false,"_genesis_hide_breadcrumbs":false,"_genesis_hide_singular_image":false,"_genesis_hide_footer_widgets":false,"_genesis_custom_body_class":"","_genesis_custom_post_class":"","_genesis_layout":"","ngg_post_thumbnail":0,"footnotes":"","_links_to":"","_links_to_target":""},"class_list":{"0":"post-1179","1":"page","2":"type-page","3":"status-publish","4":"has-post-thumbnail","6":"entry"},"_links":{"self":[{"href":"https:\/\/www.shoji-fusuma.de\/cms\/wp-json\/wp\/v2\/pages\/1179"}],"collection":[{"href":"https:\/\/www.shoji-fusuma.de\/cms\/wp-json\/wp\/v2\/pages"}],"about":[{"href":"https:\/\/www.shoji-fusuma.de\/cms\/wp-json\/wp\/v2\/types\/page"}],"author":[{"embeddable":true,"href":"https:\/\/www.shoji-fusuma.de\/cms\/wp-json\/wp\/v2\/users\/2"}],"replies":[{"embeddable":true,"href":"https:\/\/www.shoji-fusuma.de\/cms\/wp-json\/wp\/v2\/comments?post=1179"}],"version-history":[{"count":13,"href":"https:\/\/www.shoji-fusuma.de\/cms\/wp-json\/wp\/v2\/pages\/1179\/revisions"}],"predecessor-version":[{"id":1689,"href":"https:\/\/www.shoji-fusuma.de\/cms\/wp-json\/wp\/v2\/pages\/1179\/revisions\/1689"}],"wp:featuredmedia":[{"embeddable":true,"href":"https:\/\/www.shoji-fusuma.de\/cms\/wp-json\/wp\/v2\/media\/1344"}],"wp:attachment":[{"href":"https:\/\/www.shoji-fusuma.de\/cms\/wp-json\/wp\/v2\/media?parent=1179"}],"curies":[{"name":"wp","href":"https:\/\/api.w.org\/{rel}","templated":true}]}}