{"id":3,"date":"2010-05-31T11:26:42","date_gmt":"2010-05-31T09:26:42","guid":{"rendered":"http:\/\/www.shoji-fusuma.de\/cms\/?page_id=3"},"modified":"2024-08-10T10:04:39","modified_gmt":"2024-08-10T08:04:39","slug":"1-2","status":"publish","type":"page","link":"https:\/\/www.shoji-fusuma.de\/cms\/1-2\/","title":{"rendered":"Kontakt"},"content":{"rendered":"<div class=\"wpb-content-wrapper\"><p>[vc_row][vc_column][vc_column_text css=&#8220;&#8220;]<\/p>\r\n<h3 class=\"wp-block-heading\"><strong>E-Mail:&nbsp;<a href=\"mailto:info@dougu.de\">info@dougu.de<\/a><a href=\"mailto:info@dougu.de\">,<\/a><\/strong><\/h3>\r\n\r\n<p>Zu kompliziert? hier geht es zu<strong>&nbsp;ihrem<\/strong>&nbsp;<strong>Standard Mail Programm oder APP<\/strong> info@dougu.de, doch lieber pers\u00f6nlicher? +4930 78950394 von Mo-Do 12-15 Uhr sind wir pers\u00f6nlich telefonisch erreichbar. Sie k\u00f6nnen uns auch \u00fcber den&nbsp;<strong><a href=\"mailto:info@dougu.de\">pers\u00f6nlichen sicheren Kanal erreichen<\/a><\/strong>:<\/p>\r\n\r\n<p><strong>\n\n<!-- Fast Secure Contact Form plugin 4.0.52 - begin - FastSecureContactForm.com -->\r\n<div style=\"clear:both;\"><\/div>\n<p>Kommentare oder Fragen sind willkommen.<\/p>\r\n<div id=\"FSContact1\" style=\"width:288px;\">\r\n<form action=\"https:\/\/www.shoji-fusuma.de\/cms\/wp-json\/wp\/v2\/pages\/3#FSContact1\" id=\"fscf_form1\" method=\"post\">\r\n\n<div id=\"fscf_required1\">\n  <span style=\"text-align:left;\">*<\/span> <span style=\"text-align:left;\">erforderliches Feld<\/span>\n<\/div>\n\n\n<div id=\"fscf_div_clear1_0\" style=\"clear:both;\">\n  <div id=\"fscf_div_field1_0\" style=\"clear:left; float:left; width:99%; max-width:550px; margin-right:10px;\">\r\n    <div style=\"text-align:left; padding-top:10px;\">\n      <label style=\"text-align:left;\" for=\"fscf_name1\">Name:<span style=\"text-align:left;\">*<\/span><\/label>\n    <\/div>\r\n    <div style=\"text-align:left;\">\r\n      <input style=\"text-align:left;\" type=\"text\" id=\"fscf_name1\" name=\"full_name\" value=\"\"  \/>\r\n    <\/div>\r\n  <\/div>\n<\/div>\n\n<div id=\"fscf_div_clear1_1\" style=\"clear:both;\">\n  <div id=\"fscf_div_field1_1\" style=\"clear:left; float:left; width:99%; max-width:550px; margin-right:10px;\">\n    <div style=\"text-align:left; padding-top:10px;\">\n      <label style=\"text-align:left;\" for=\"fscf_email1\">Email:<span style=\"text-align:left;\">*<\/span><\/label>\n    <\/div>\n    <div style=\"text-align:left;\">\n      <input style=\"text-align:left;\" type=\"text\" id=\"fscf_email1\" name=\"email\" value=\"\"  \/>\n    <\/div>\n  <\/div>\n<\/div>\n\n<div id=\"fscf_div_clear1_2\" style=\"clear:both;\">\n  <div id=\"fscf_div_field1_2\" style=\"clear:left; float:left; width:99%; max-width:550px; margin-right:10px;\">\n    <div style=\"text-align:left; padding-top:10px;\">\n      <label style=\"text-align:left;\" for=\"fscf_field1_2\">Betreff:<span style=\"text-align:left;\">*<\/span><\/label>\n    <\/div>\n    <div style=\"text-align:left;\">\n      <input style=\"text-align:left;\" type=\"text\" id=\"fscf_field1_2\" name=\"subject\" value=\"\"  \/>\n    <\/div>\n  <\/div>\n<\/div>\n\n<div id=\"fscf_div_clear1_3\" style=\"clear:both;\">\n  <div id=\"fscf_div_field1_3\" style=\"clear:left; float:left; width:99%; max-width:550px; margin-right:10px;\">\n    <div style=\"text-align:left; padding-top:10px;\">\n      <label style=\"text-align:left;\" for=\"fscf_field1_3\">Nachricht:<span style=\"text-align:left;\">*<\/span><\/label>\n    <\/div>\n    <div style=\"text-align:left;\">\n      <textarea style=\"text-align:left; margin:0; width:99%; max-width:250px; height:120px;\" id=\"fscf_field1_3\" name=\"message\" cols=\"30\" rows=\"10\" ><\/textarea>\n    <\/div>\n  <\/div>\n<\/div>\n\n<div id=\"fscf_div_clear1_4\" style=\"clear:both;\">\n  <div id=\"fscf_div_field1_4\" style=\"clear:left; float:left; width:99%; max-width:550px; margin-right:10px;\">\n    <div  id=\"fscf_label1_4\" style=\"text-align:left; padding-top:10px;\">\n    <\/div>\n    <div style=\"text-align:left;\">\n      <span><input type=\"checkbox\" style=\"width:13px;\" id=\"fscf_field1_4\" name=\"Datenschutzbestimmungen\" value=\"1\" \/> <label style=\"display:inline;\" for=\"fscf_field1_4\">Datenschutzbestimmungen f\u00fcr E-Mail Verkehr.<span style=\"text-align:left;\">*<\/span><\/label><\/span>\n    <\/div>\n\n    <div style=\"clear:both;\"><\/div>\nHiermit akzeptiere ich Ihre <a href=\"https:\/\/www.shoji-fusuma.de\/cms\/e-mail-datenschutz\/\" target=\"_blank\" rel=\"noopener\">Datenschutzbestimmungen f\u00fcr den E-Mail Verkehr <\/a> nach der Datenschutzverordnung DGSVO\n\n  <\/div>\n<\/div>\n\n<div id=\"fscf_div_clear1_5\" style=\"clear:both;\">\n  <div id=\"fscf_div_field1_5\" style=\"clear:left; float:left; width:99%; max-width:550px; margin-right:10px;\">\n    <div  id=\"fscf_label1_5\" style=\"text-align:left; padding-top:10px;\">\n    <\/div>\n    <div style=\"text-align:left;\">\n      <span><input type=\"checkbox\" style=\"width:13px;\" id=\"fscf_field1_5\" name=\"Datenschutzbestimmungen01\" value=\"1\" \/> <label style=\"display:inline;\" for=\"fscf_field1_5\">Datenschutzbestimmungen<span style=\"text-align:left;\">*<\/span><\/label><\/span>\n    <\/div>\n\n    <div style=\"clear:both;\"><\/div>\n-----------------------------------------------\r\n<p><a href=\"https:\/\/www.shoji-fusuma.de\/cms\/datenschutzerklaerung\/\">Datenschutzbestimmungen <\/a>gelesen und verstanden<\/p>\n\n  <\/div>\n<\/div>\r\n<div style=\"clear:both;\"><\/div>\n        \r\n<div style=\"display:none;\">\r\n     <label for=\"address1\"><small>Lassen sie dieses Feld leer<\/small><\/label>\r\n     <input type=\"text\" name=\"address\" id=\"address1\" value=\"\" \/>\r\n<\/div>\r\n\n<div id=\"fscf_submit_div1\" style=\"text-align:left; padding-top:5px;\">\r\n\t\t<input type=\"submit\" id=\"fscf_submit1\" style=\"margin:0; cursor:pointer;\" value=\"senden\"  onclick=\"this.disabled=true; this.value='Submitting...'; this.form.submit();\" \/> \n<\/div>\n\n<input type=\"hidden\" name=\"fscf_submitted\" value=\"0\" \/>\n<input type=\"hidden\" name=\"fs_postonce_1\" value=\"de85648b7cf9c64619eb20b794c30175,1776607382\" \/>\n<input type=\"hidden\" name=\"si_contact_action\" value=\"send\" \/>\n<input type=\"hidden\" name=\"form_id\" value=\"1\" \/>\n<input type=\"hidden\" name=\"mailto_id\" value=\"1\" \/>\n\n<\/form>\n\n    <p style=\"font-size:x-small; font-weight:normal; padding-top:5px;\">Unterst\u00fctzt von <a href=\"http:\/\/wordpress.org\/extend\/plugins\/si-contact-form\/\" target=\"_blank\">Fast Secure Contact Form<\/a><\/p>\n<\/div>\r\n<div style=\"clear:both;\"><\/div>\n\n<!-- Fast Secure Contact Form plugin 4.0.52 - end - FastSecureContactForm.com -->\n<\/strong><\/p>\r\n<p>&nbsp;<\/p>\r\n<p>[\/vc_column_text][\/vc_column][vc_column][\/vc_column][\/vc_row]<\/p><\/div>","protected":false},"excerpt":{"rendered":"<p>[vc_row][vc_column][vc_column_text css=&#8220;&#8220;] E-Mail:&nbsp;info@dougu.de, Zu kompliziert? hier geht es zu&nbsp;ihrem&nbsp;Standard Mail Programm oder APP info@dougu.de, doch lieber pers\u00f6nlicher? +4930 78950394 von Mo-Do 12-15 Uhr sind wir pers\u00f6nlich telefonisch erreichbar. Sie k\u00f6nnen uns auch \u00fcber den&nbsp;pers\u00f6nlichen sicheren Kanal erreichen: &nbsp; [\/vc_column_text][\/vc_column][vc_column][\/vc_column][\/vc_row]<\/p>\n","protected":false},"author":2,"featured_media":0,"parent":0,"menu_order":2,"comment_status":"closed","ping_status":"closed","template":"","meta":{"_genesis_hide_title":false,"_genesis_hide_breadcrumbs":false,"_genesis_hide_singular_image":false,"_genesis_hide_footer_widgets":false,"_genesis_custom_body_class":"","_genesis_custom_post_class":"","_genesis_layout":"","ngg_post_thumbnail":0,"footnotes":"","_links_to":"","_links_to_target":""},"class_list":{"0":"post-3","1":"page","2":"type-page","3":"status-publish","5":"entry"},"_links":{"self":[{"href":"https:\/\/www.shoji-fusuma.de\/cms\/wp-json\/wp\/v2\/pages\/3"}],"collection":[{"href":"https:\/\/www.shoji-fusuma.de\/cms\/wp-json\/wp\/v2\/pages"}],"about":[{"href":"https:\/\/www.shoji-fusuma.de\/cms\/wp-json\/wp\/v2\/types\/page"}],"author":[{"embeddable":true,"href":"https:\/\/www.shoji-fusuma.de\/cms\/wp-json\/wp\/v2\/users\/2"}],"replies":[{"embeddable":true,"href":"https:\/\/www.shoji-fusuma.de\/cms\/wp-json\/wp\/v2\/comments?post=3"}],"version-history":[{"count":9,"href":"https:\/\/www.shoji-fusuma.de\/cms\/wp-json\/wp\/v2\/pages\/3\/revisions"}],"predecessor-version":[{"id":2549,"href":"https:\/\/www.shoji-fusuma.de\/cms\/wp-json\/wp\/v2\/pages\/3\/revisions\/2549"}],"wp:attachment":[{"href":"https:\/\/www.shoji-fusuma.de\/cms\/wp-json\/wp\/v2\/media?parent=3"}],"curies":[{"name":"wp","href":"https:\/\/api.w.org\/{rel}","templated":true}]}}