{"id":54,"date":"2010-05-31T16:22:17","date_gmt":"2010-05-31T14:22:17","guid":{"rendered":"http:\/\/www.shoji-fusuma.de\/cms\/?page_id=54"},"modified":"2021-07-26T15:38:44","modified_gmt":"2021-07-26T13:38:44","slug":"service","status":"publish","type":"page","link":"https:\/\/www.shoji-fusuma.de\/cms\/service\/","title":{"rendered":"Service"},"content":{"rendered":"\n<h2 class=\"wp-block-heading\"><a title=\"Zur Preis Zusammensetzung\" href=\"https:\/\/www.shoji-fusuma.de\/cms\/?p=176\"><img loading=\"lazy\" decoding=\"async\" style=\"margin: 0px 35px 15px 0px; display: inline; border: 0px;\" title=\"Service Shoji Fusuma\" src=\"https:\/\/www.shoji-fusuma.de\/cms\/wp-content\/uploads\/2011\/10\/20061114maiko3.jpg\" alt=\"Service Shoji Fusuma\" width=\"317\" height=\"477\" align=\"left\" border=\"0\"><\/a>Erfahrung seit 1988<\/h2>\n\n\n\n<ul class=\"wp-block-list\"><li> <a title=\"Unsere Beratung ist kosteng\u00fcnstig und definitiv nicht Hersteller gebunden, so unpartaisch f\u00fcr bestes Endergebnis.\" style=\"font-size: revert; font-weight: revert;\" href=\"https:\/\/www.shoji-fusuma.de\/cms\/?s=tipps\">Unabh\u00e4ngige Tipps <\/a> <\/li><li> Service vor Ort<\/li><li> Unterst\u00fctzung in Planung Ihrer Location. <\/li><li> Japannahes Design in Europ\u00e4ischen Wohnungen. <\/li><li> Tipps in Punkto Handhabung und Pflege. <\/li><li> Zeichnungen, Entw\u00fcrfe, Pr\u00e4sentationen. <\/li><li> Papierkleben Service. <\/li><li> Feng-Shui Service. <\/li><li> Internationale Design Kooperationen. <\/li><li> Digitaler Service f\u00fcr Nichtberliner. <\/li><li> Zahlreiche Besichtigungsm\u00f6glichkeiten &#8222;Sushi Shoji &amp; Book&#8220;. <\/li><li> Gastronomie Spezial Service. <\/li><li> Nachbetreuung. <\/li><li>Architekten Service<\/li><\/ul>\n\n\n\n<p><\/p>\n","protected":false},"excerpt":{"rendered":"<p>Erfahrung seit 1988 Unabh\u00e4ngige Tipps Service vor Ort Unterst\u00fctzung in Planung Ihrer Location. Japannahes Design in Europ\u00e4ischen Wohnungen. Tipps in Punkto Handhabung und Pflege. Zeichnungen, Entw\u00fcrfe, Pr\u00e4sentationen. Papierkleben Service. Feng-Shui Service. Internationale Design Kooperationen. Digitaler Service f\u00fcr Nichtberliner. Zahlreiche Besichtigungsm\u00f6glichkeiten &#8222;Sushi Shoji &amp; Book&#8220;. Gastronomie Spezial Service. Nachbetreuung. Architekten Service<\/p>\n","protected":false},"author":2,"featured_media":1171,"parent":0,"menu_order":1,"comment_status":"open","ping_status":"closed","template":"","meta":{"_genesis_hide_title":false,"_genesis_hide_breadcrumbs":false,"_genesis_hide_singular_image":false,"_genesis_hide_footer_widgets":false,"_genesis_custom_body_class":"","_genesis_custom_post_class":"","_genesis_layout":"full-width-content","ngg_post_thumbnail":0,"footnotes":"","_links_to":"","_links_to_target":""},"class_list":{"0":"post-54","1":"page","2":"type-page","3":"status-publish","4":"has-post-thumbnail","6":"entry"},"_links":{"self":[{"href":"https:\/\/www.shoji-fusuma.de\/cms\/wp-json\/wp\/v2\/pages\/54"}],"collection":[{"href":"https:\/\/www.shoji-fusuma.de\/cms\/wp-json\/wp\/v2\/pages"}],"about":[{"href":"https:\/\/www.shoji-fusuma.de\/cms\/wp-json\/wp\/v2\/types\/page"}],"author":[{"embeddable":true,"href":"https:\/\/www.shoji-fusuma.de\/cms\/wp-json\/wp\/v2\/users\/2"}],"replies":[{"embeddable":true,"href":"https:\/\/www.shoji-fusuma.de\/cms\/wp-json\/wp\/v2\/comments?post=54"}],"version-history":[{"count":23,"href":"https:\/\/www.shoji-fusuma.de\/cms\/wp-json\/wp\/v2\/pages\/54\/revisions"}],"predecessor-version":[{"id":2046,"href":"https:\/\/www.shoji-fusuma.de\/cms\/wp-json\/wp\/v2\/pages\/54\/revisions\/2046"}],"wp:featuredmedia":[{"embeddable":true,"href":"https:\/\/www.shoji-fusuma.de\/cms\/wp-json\/wp\/v2\/media\/1171"}],"wp:attachment":[{"href":"https:\/\/www.shoji-fusuma.de\/cms\/wp-json\/wp\/v2\/media?parent=54"}],"curies":[{"name":"wp","href":"https:\/\/api.w.org\/{rel}","templated":true}]}}